{"id":693,"date":"2017-07-02T16:20:23","date_gmt":"2017-07-02T14:20:23","guid":{"rendered":"https:\/\/www.baumstriezel-koplar.de\/product\/aufroll-maschine\/"},"modified":"2026-01-07T20:46:16","modified_gmt":"2026-01-07T19:46:16","slug":"rolling-machine-for-chimney-cake-dough","status":"publish","type":"product","link":"https:\/\/www.baumstriezel-koplar.de\/en\/products\/rolling-machine-for-chimney-cake-dough\/","title":{"rendered":"Rolling machine for chimney cake"},"content":{"rendered":"<div class=\"summary entry-summary\">\n<h1 data-start=\"642\" data-end=\"690\"><strong data-start=\"644\" data-end=\"690\">Rolling Machine for Chimney Cake Dough<\/strong><\/h1>\n<hr data-start=\"692\" data-end=\"695\" \/>\n<h2 data-start=\"852\" data-end=\"913\"><strong data-start=\"855\" data-end=\"913\"> Patented and Certified for Professional Use<\/strong><\/h2>\n<p data-start=\"915\" data-end=\"1144\">The <strong data-start=\"919\" data-end=\"961\">Rolling Machine for Chimney Cake Dough<\/strong> is a professional dough roller and <strong data-start=\"997\" data-end=\"1027\">our own patented invention<\/strong>, developed specifically to meet the demands of commercial <strong data-start=\"1086\" data-end=\"1132\">chimney cake (K\u00fcrt\u0151skal\u00e1cs \/ Baumstriezel)<\/strong> production.<\/p>\n<p data-start=\"1146\" data-end=\"1474\">This machine represents a <strong data-start=\"1172\" data-end=\"1221\">major milestone in efficient dough processing<\/strong>, ensuring even dough thickness and increased productivity. For our customers in <strong data-start=\"1302\" data-end=\"1319\">North America<\/strong>, selected models are <strong data-start=\"1341\" data-end=\"1365\">NSF and UL certified<\/strong>, meeting strict safety and sanitation standards required in foodservice and commercial kitchen environments.<\/p>\n<p data-start=\"1476\" data-end=\"1637\">It is ideal for bakeries, food trucks, Christmas market stalls, caf\u00e9s and other commercial settings where <strong data-start=\"1582\" data-end=\"1622\">consistency, reliability and hygiene<\/strong> are paramount.<\/p>\n<hr data-start=\"1391\" data-end=\"1394\" \/>\n<h2 data-start=\"1396\" data-end=\"1450\"><strong data-start=\"1399\" data-end=\"1450\">Professional Performance &amp; Continuous Operation<\/strong><\/h2>\n<p data-start=\"1452\" data-end=\"1513\">Designed for professional use, this rolling machine delivers:<\/p>\n<ul data-start=\"1515\" data-end=\"1721\">\n<li data-start=\"1515\" data-end=\"1573\">\n<p data-start=\"1517\" data-end=\"1573\"><strong data-start=\"1517\" data-end=\"1547\">Consistent dough thickness<\/strong> for even baking results<\/p>\n<\/li>\n<li data-start=\"1574\" data-end=\"1625\">\n<p data-start=\"1576\" data-end=\"1625\"><strong data-start=\"1576\" data-end=\"1600\">Durable construction<\/strong> with robust components<\/p>\n<\/li>\n<li data-start=\"1626\" data-end=\"1677\">\n<p data-start=\"1628\" data-end=\"1677\"><strong data-start=\"1628\" data-end=\"1646\">Easy operation<\/strong> for daily production demands<\/p>\n<\/li>\n<li data-start=\"1678\" data-end=\"1721\">\n<p data-start=\"1680\" data-end=\"1721\"><strong data-start=\"1680\" data-end=\"1721\">Low maintenance and long service life<\/strong><\/p>\n<\/li>\n<\/ul>\n<p data-start=\"1723\" data-end=\"1880\">With its ergonomic design and reliable performance, operators reduce physical strain and significantly increase throughput compared to manual dough handling.<\/p>\n<hr data-start=\"1882\" data-end=\"1885\" \/>\n<pre data-start=\"1887\" data-end=\"1941\">Our machines are developed based on real chimney cake production experience gained since 2004.<\/pre>\n<h2 data-start=\"1887\" data-end=\"1941\"><strong data-start=\"1890\" data-end=\"1941\">Patented Technology \u2013 A Milestone in Production<\/strong><\/h2>\n<p data-start=\"1943\" data-end=\"2198\">This rolling machine is <strong data-start=\"1967\" data-end=\"1996\">our patented breakthrough<\/strong> in chimney cake dough processing technology.<br data-start=\"2028\" data-end=\"2031\" \/>It was developed based on years of user experience and production insights, and it reflects our commitment to <strong data-start=\"2141\" data-end=\"2170\">innovation and efficiency<\/strong> in chimney cake production.<\/p>\n<p data-start=\"2200\" data-end=\"2259\">By automating the rolling step, the machine contributes to:<\/p>\n<ul data-start=\"2261\" data-end=\"2395\">\n<li data-start=\"2261\" data-end=\"2290\">\n<p data-start=\"2263\" data-end=\"2290\"><strong data-start=\"2263\" data-end=\"2290\">Faster preparation time<\/strong><\/p>\n<\/li>\n<li data-start=\"2291\" data-end=\"2334\">\n<p data-start=\"2293\" data-end=\"2334\"><strong data-start=\"2293\" data-end=\"2334\">Greater consistency batch after batch<\/strong><\/p>\n<\/li>\n<li data-start=\"2335\" data-end=\"2360\">\n<h4>Significantly reduces physical strain<\/h4>\n<\/li>\n<li data-start=\"2361\" data-end=\"2395\">\n<p data-start=\"2363\" data-end=\"2395\"><strong data-start=\"2363\" data-end=\"2395\">Improved workflow efficiency<\/strong><\/p>\n<\/li>\n<\/ul>\n<p data-start=\"2397\" data-end=\"2523\">This makes it an indispensable tool for professional producers who require <strong data-start=\"2472\" data-end=\"2522\">repeatable quality under commercial conditions<\/strong>.<\/p>\n<p data-start=\"2860\" data-end=\"2961\">Perfect dough sheets feed smoothly into further machines like <strong data-start=\"2922\" data-end=\"2938\">stripcutters<\/strong>, or straight to ovens.<\/p>\n<ul data-start=\"2977\" data-end=\"3148\">\n<li data-start=\"2977\" data-end=\"3082\">\n<p data-start=\"2979\" data-end=\"3082\"><a href=\"https:\/\/www.baumstriezel-koplar.de\/en\/products\/en-products-stripcutter-for-chimney-cake-dough\/\"><strong data-start=\"2979\" data-end=\"3017\">Stripcutter for Chimney Cake Dough<\/strong><\/a><\/p>\n<\/li>\n<li data-start=\"3083\" data-end=\"3148\">\n<p data-start=\"3085\" data-end=\"3148\"><strong data-start=\"3085\" data-end=\"3107\">Chimney Cake Ovens<\/strong><\/p>\n<\/li>\n<\/ul>\n<hr data-start=\"3150\" data-end=\"3153\" \/>\n<h2 data-start=\"3155\" data-end=\"3197\"><strong data-start=\"3158\" data-end=\"3197\">Benefits of Using a Rolling Machine<\/strong><\/h2>\n<h3 data-start=\"3199\" data-end=\"3224\"><strong data-start=\"3203\" data-end=\"3224\">High Productivity<\/strong><\/h3>\n<p data-start=\"3225\" data-end=\"3402\">This machine replaces slow manual rolling, allowing teams to process more dough in less time \u2014 critical for peak seasons like Christmas markets or high-volume bakery production.<\/p>\n<h3 data-start=\"3404\" data-end=\"3430\"><strong data-start=\"3408\" data-end=\"3430\">Consistent Quality<\/strong><\/h3>\n<p data-start=\"3431\" data-end=\"3460\">Even dough thickness ensures:<\/p>\n<ul data-start=\"3461\" data-end=\"3525\">\n<li data-start=\"3461\" data-end=\"3477\">\n<p data-start=\"3463\" data-end=\"3477\">uniform baking<\/p>\n<\/li>\n<li data-start=\"3478\" data-end=\"3494\">\n<p data-start=\"3480\" data-end=\"3494\">better texture<\/p>\n<\/li>\n<li data-start=\"3495\" data-end=\"3525\">\n<p data-start=\"3497\" data-end=\"3525\">predictable product outcomes<\/p>\n<\/li>\n<\/ul>\n<p data-start=\"3527\" data-end=\"3634\"><strong style=\"font-size: 18.72px;\" data-start=\"3640\" data-end=\"3664\">Reduced Labor Effort<\/strong><\/p>\n<p data-start=\"3665\" data-end=\"3743\">Operators don&#8217;t have to strain themselves when rolling out many rolls<\/p>\n<p data-start=\"3665\" data-end=\"3743\">\u00a0The machine:<\/p>\n<ul data-start=\"3744\" data-end=\"3846\">\n<li data-start=\"3744\" data-end=\"3771\">\n<p data-start=\"3746\" data-end=\"3771\">reduces physical strain<\/p>\n<\/li>\n<li data-start=\"3772\" data-end=\"3803\">\n<p data-start=\"3774\" data-end=\"3803\">frees staff for other tasks<\/p>\n<\/li>\n<li data-start=\"3804\" data-end=\"3846\">\n<p data-start=\"3806\" data-end=\"3846\">contributes to smoother, safer workflows<\/p>\n<\/li>\n<\/ul>\n<hr data-start=\"3848\" data-end=\"3851\" \/>\n<h2 data-start=\"3853\" data-end=\"3886\"><strong data-start=\"3856\" data-end=\"3886\">Built for Professional Use<\/strong><\/h2>\n<p data-start=\"3888\" data-end=\"3957\">The rolling machine is engineered with professional settings in mind:<\/p>\n<ul data-start=\"3959\" data-end=\"4131\">\n<li data-start=\"3959\" data-end=\"4017\">\n<p data-start=\"3961\" data-end=\"4017\"><strong data-start=\"3961\" data-end=\"3988\">Stainless steel housing<\/strong> for hygiene and durability<\/p>\n<\/li>\n<li data-start=\"4018\" data-end=\"4048\">\n<p data-start=\"4020\" data-end=\"4048\"><strong data-start=\"4020\" data-end=\"4046\">User-friendly controls<\/strong><\/p>\n<\/li>\n<li data-start=\"4049\" data-end=\"4081\">\n<p data-start=\"4051\" data-end=\"4081\"><strong data-start=\"4051\" data-end=\"4079\">Robust mechanical design<\/strong><\/p>\n<\/li>\n<li data-start=\"4082\" data-end=\"4131\">\n<p data-start=\"4084\" data-end=\"4131\"><strong data-start=\"4084\" data-end=\"4131\">Compliant with safety and hygiene standards<\/strong><\/p>\n<\/li>\n<\/ul>\n<p data-start=\"4133\" data-end=\"4252\">It is backed by our experience in industrial food equipment and continuous support for commercial kitchen environments.<\/p>\n<hr data-start=\"4254\" data-end=\"4257\" \/>\n<h2 data-start=\"4259\" data-end=\"4290\"><strong data-start=\"4262\" data-end=\"4290\">Technical Specifications<\/strong><\/h2>\n<p data-start=\"4291\" data-end=\"4353\"><em data-start=\"4291\" data-end=\"4353\">(Optional \u2014 f\u00fcge hier gew\u00fcnschte Zahlen\/Bilder\/Tabellen ein)<\/em><\/p>\n<ul data-start=\"4355\" data-end=\"4485\">\n<li data-start=\"4355\" data-end=\"4374\">\n<p data-start=\"4357\" data-end=\"4374\">Voltage \/ Power<\/p>\n<\/li>\n<li data-start=\"4375\" data-end=\"4407\">\n<p data-start=\"4377\" data-end=\"4407\">Roll width \/ thickness range<\/p>\n<\/li>\n<li data-start=\"4408\" data-end=\"4431\">\n<p data-start=\"4410\" data-end=\"4431\">Dimensions \/ Weight<\/p>\n<\/li>\n<li data-start=\"4432\" data-end=\"4458\">\n<p data-start=\"4434\" data-end=\"4458\">Construction materials<\/p>\n<\/li>\n<li data-start=\"4459\" data-end=\"4485\">\n<p data-start=\"4461\" data-end=\"4485\">Warranty \/ Certification<\/p>\n<\/li>\n<\/ul>\n<\/div>\n<div class=\"woocommerce-tabs wc-tabs-wrapper\">\n<div class=\"woocommerce-Tabs-panel woocommerce-Tabs-panel--description panel entry-content wc-tab\" role=\"tabpanel\" aria-labelledby=\"tab-title-description\">\n<table style=\"height: 484px;\" width=\"496\">\n<tbody>\n<tr>\n<td colspan=\"2\" width=\"285\">Technical data<\/td>\n<\/tr>\n<tr>\n<td width=\"115\"><strong>Artikelnummer:<\/strong><\/td>\n<td width=\"170\"><strong>0242<\/strong><\/td>\n<\/tr>\n<tr>\n<td width=\"115\">Voltage:<\/td>\n<td width=\"170\">Available with\u00a0 230V\u00a0 and 110V<\/td>\n<\/tr>\n<tr>\n<td width=\"115\">Power:<\/td>\n<td width=\"170\">25 W<\/td>\n<\/tr>\n<tr>\n<td width=\"115\">Degree of protection:<\/td>\n<td width=\"170\">IPX3<\/td>\n<\/tr>\n<tr>\n<td width=\"115\">Sound pressure level<\/td>\n<td width=\"170\">&lt; 70 dB(A)<\/td>\n<\/tr>\n<tr>\n<td width=\"115\">Frequenz<\/td>\n<td width=\"170\">50\/60Hz<\/td>\n<\/tr>\n<tr>\n<td width=\"115\">Width:<\/td>\n<td width=\"170\">485 mm<\/td>\n<\/tr>\n<tr>\n<td width=\"115\">Depth:<\/td>\n<td width=\"170\">210 mm<\/td>\n<\/tr>\n<tr>\n<td width=\"115\">Height:<\/td>\n<td width=\"170\">104 mm<\/td>\n<\/tr>\n<tr>\n<td width=\"115\">Weight:<\/td>\n<td width=\"170\">5600 g<\/td>\n<\/tr>\n<tr>\n<td width=\"115\">Material:<\/td>\n<td width=\"170\">Case: brushed stainless steel<\/p>\n<p>Rollers: POMC or\/ and stainless steel<\/td>\n<\/tr>\n<\/tbody>\n<\/table>\n<p><strong>2 years warranty<\/strong><\/p>\n<hr \/>\n<p>Recommended accessories:<\/p>\n<p><a href=\"https:\/\/www.baumstriezel-koplar.de\/produkte\/ringschneider-fuer-baumstriezel\/\">Ring cutter<\/a><\/p>\n<p><a href=\"https:\/\/www.baumstriezel-koplar.de\/en\/products\/stripcutter-for-chimney-cake-dough\/\">Strip cutter for chimney cake dough\u00a0<\/a>(patent pending)<\/p>\n<\/div>\n<\/div>\n<p>&nbsp;<\/p>\n","protected":false},"excerpt":{"rendered":"<p>Rolling Machine for Chimney Cake Dough Patented and Certified for Professional Use The Rolling Machine for Chimney Cake Dough is a professional dough roller and our own patented invention, developed specifically to meet the demands of commercial chimney cake (K\u00fcrt\u0151skal\u00e1cs \/ Baumstriezel) production. This machine represents a major milestone in efficient dough processing, ensuring even [&#8230;]<\/p>\n<p><a class=\"btn btn-primary denjo-read-more-link\" href=\"https:\/\/www.baumstriezel-koplar.de\/en\/products\/rolling-machine-for-chimney-cake-dough\/\">Read More&#8230;<\/a><\/p>\n","protected":false},"featured_media":8547,"comment_status":"closed","ping_status":"closed","template":"","meta":{"_exactmetrics_skip_tracking":false,"_exactmetrics_sitenote_active":false,"_exactmetrics_sitenote_note":"","_exactmetrics_sitenote_category":0},"product_cat":[50],"product_tag":[],"yoast_head":"<!-- This site is optimized with the Yoast SEO plugin v22.6 - https:\/\/yoast.com\/wordpress\/plugins\/seo\/ -->\n<title>Rolling Machine for Chimney Cake Dough | Patented NSF &amp; UL Certified<\/title>\n<meta name=\"description\" content=\"Patented rolling machine for chimney cake dough with NSF &amp; UL certification for North America. High productivity for professional production.\" \/>\n<meta name=\"robots\" content=\"index, follow, max-snippet:-1, max-image-preview:large, max-video-preview:-1\" \/>\n<link rel=\"canonical\" href=\"https:\/\/www.baumstriezel-koplar.de\/en\/products\/rolling-machine-for-chimney-cake-dough\/\" \/>\n<meta property=\"og:locale\" content=\"en_US\" \/>\n<meta property=\"og:type\" content=\"article\" \/>\n<meta property=\"og:title\" content=\"Rolling Machine for Chimney Cake Dough | Patented NSF &amp; UL Certified\" \/>\n<meta property=\"og:description\" content=\"Patented rolling machine for chimney cake dough with NSF &amp; UL certification for North America. High productivity for professional production.\" \/>\n<meta property=\"og:url\" content=\"https:\/\/www.baumstriezel-koplar.de\/en\/products\/rolling-machine-for-chimney-cake-dough\/\" \/>\n<meta property=\"og:site_name\" content=\"Koplar Baumstriezel Backsysteme\" \/>\n<meta property=\"article:publisher\" content=\"https:\/\/www.facebook.com\/koplarbaumstriezel\" \/>\n<meta property=\"article:modified_time\" content=\"2026-01-07T19:46:16+00:00\" \/>\n<meta property=\"og:image\" content=\"https:\/\/www.baumstriezel-koplar.de\/wp-content\/uploads\/2017\/07\/DSC9226-2.jpg\" \/>\n\t<meta property=\"og:image:width\" content=\"1000\" \/>\n\t<meta property=\"og:image:height\" content=\"667\" \/>\n\t<meta property=\"og:image:type\" content=\"image\/jpeg\" \/>\n<meta name=\"twitter:card\" content=\"summary_large_image\" \/>\n<meta name=\"twitter:label1\" content=\"Est. reading time\" \/>\n\t<meta name=\"twitter:data1\" content=\"3 minutes\" \/>\n<script type=\"application\/ld+json\" class=\"yoast-schema-graph\">{\"@context\":\"https:\/\/schema.org\",\"@graph\":[{\"@type\":\"WebPage\",\"@id\":\"https:\/\/www.baumstriezel-koplar.de\/en\/products\/rolling-machine-for-chimney-cake-dough\/\",\"url\":\"https:\/\/www.baumstriezel-koplar.de\/en\/products\/rolling-machine-for-chimney-cake-dough\/\",\"name\":\"Rolling Machine for Chimney Cake Dough | Patented NSF & UL Certified\",\"isPartOf\":{\"@id\":\"https:\/\/www.baumstriezel-koplar.de\/en\/#website\"},\"primaryImageOfPage\":{\"@id\":\"https:\/\/www.baumstriezel-koplar.de\/en\/products\/rolling-machine-for-chimney-cake-dough\/#primaryimage\"},\"image\":{\"@id\":\"https:\/\/www.baumstriezel-koplar.de\/en\/products\/rolling-machine-for-chimney-cake-dough\/#primaryimage\"},\"thumbnailUrl\":\"https:\/\/www.baumstriezel-koplar.de\/wp-content\/uploads\/2017\/07\/DSC9226-2.jpg\",\"datePublished\":\"2017-07-02T14:20:23+00:00\",\"dateModified\":\"2026-01-07T19:46:16+00:00\",\"description\":\"Patented rolling machine for chimney cake dough with NSF & UL certification for North America. High productivity for professional production.\",\"breadcrumb\":{\"@id\":\"https:\/\/www.baumstriezel-koplar.de\/en\/products\/rolling-machine-for-chimney-cake-dough\/#breadcrumb\"},\"inLanguage\":\"en-US\",\"potentialAction\":[{\"@type\":\"ReadAction\",\"target\":[\"https:\/\/www.baumstriezel-koplar.de\/en\/products\/rolling-machine-for-chimney-cake-dough\/\"]}]},{\"@type\":\"ImageObject\",\"inLanguage\":\"en-US\",\"@id\":\"https:\/\/www.baumstriezel-koplar.de\/en\/products\/rolling-machine-for-chimney-cake-dough\/#primaryimage\",\"url\":\"https:\/\/www.baumstriezel-koplar.de\/wp-content\/uploads\/2017\/07\/DSC9226-2.jpg\",\"contentUrl\":\"https:\/\/www.baumstriezel-koplar.de\/wp-content\/uploads\/2017\/07\/DSC9226-2.jpg\",\"width\":1000,\"height\":667},{\"@type\":\"BreadcrumbList\",\"@id\":\"https:\/\/www.baumstriezel-koplar.de\/en\/products\/rolling-machine-for-chimney-cake-dough\/#breadcrumb\",\"itemListElement\":[{\"@type\":\"ListItem\",\"position\":1,\"name\":\"Home\",\"item\":\"https:\/\/www.baumstriezel-koplar.de\/en\/\"},{\"@type\":\"ListItem\",\"position\":2,\"name\":\"Chimney cake equipment\",\"item\":\"https:\/\/www.baumstriezel-koplar.de\/en\/chimney-cake-equipment\/\"},{\"@type\":\"ListItem\",\"position\":3,\"name\":\"Rolling machine for chimney cake\"}]},{\"@type\":\"WebSite\",\"@id\":\"https:\/\/www.baumstriezel-koplar.de\/en\/#website\",\"url\":\"https:\/\/www.baumstriezel-koplar.de\/en\/\",\"name\":\"Koplar Baumstriezel Backsysteme\",\"description\":\"Baumstriezel \u00d6fen und Zubeh\u00f6r\",\"potentialAction\":[{\"@type\":\"SearchAction\",\"target\":{\"@type\":\"EntryPoint\",\"urlTemplate\":\"https:\/\/www.baumstriezel-koplar.de\/en\/?s={search_term_string}\"},\"query-input\":\"required name=search_term_string\"}],\"inLanguage\":\"en-US\"}]}<\/script>\n<!-- \/ Yoast SEO plugin. -->","yoast_head_json":{"title":"Rolling Machine for Chimney Cake Dough | Patented NSF & UL Certified","description":"Patented rolling machine for chimney cake dough with NSF & UL certification for North America. High productivity for professional production.","robots":{"index":"index","follow":"follow","max-snippet":"max-snippet:-1","max-image-preview":"max-image-preview:large","max-video-preview":"max-video-preview:-1"},"canonical":"https:\/\/www.baumstriezel-koplar.de\/en\/products\/rolling-machine-for-chimney-cake-dough\/","og_locale":"en_US","og_type":"article","og_title":"Rolling Machine for Chimney Cake Dough | Patented NSF & UL Certified","og_description":"Patented rolling machine for chimney cake dough with NSF & UL certification for North America. High productivity for professional production.","og_url":"https:\/\/www.baumstriezel-koplar.de\/en\/products\/rolling-machine-for-chimney-cake-dough\/","og_site_name":"Koplar Baumstriezel Backsysteme","article_publisher":"https:\/\/www.facebook.com\/koplarbaumstriezel","article_modified_time":"2026-01-07T19:46:16+00:00","og_image":[{"width":1000,"height":667,"url":"https:\/\/www.baumstriezel-koplar.de\/wp-content\/uploads\/2017\/07\/DSC9226-2.jpg","type":"image\/jpeg"}],"twitter_card":"summary_large_image","twitter_misc":{"Est. reading time":"3 minutes"},"schema":{"@context":"https:\/\/schema.org","@graph":[{"@type":"WebPage","@id":"https:\/\/www.baumstriezel-koplar.de\/en\/products\/rolling-machine-for-chimney-cake-dough\/","url":"https:\/\/www.baumstriezel-koplar.de\/en\/products\/rolling-machine-for-chimney-cake-dough\/","name":"Rolling Machine for Chimney Cake Dough | Patented NSF & UL Certified","isPartOf":{"@id":"https:\/\/www.baumstriezel-koplar.de\/en\/#website"},"primaryImageOfPage":{"@id":"https:\/\/www.baumstriezel-koplar.de\/en\/products\/rolling-machine-for-chimney-cake-dough\/#primaryimage"},"image":{"@id":"https:\/\/www.baumstriezel-koplar.de\/en\/products\/rolling-machine-for-chimney-cake-dough\/#primaryimage"},"thumbnailUrl":"https:\/\/www.baumstriezel-koplar.de\/wp-content\/uploads\/2017\/07\/DSC9226-2.jpg","datePublished":"2017-07-02T14:20:23+00:00","dateModified":"2026-01-07T19:46:16+00:00","description":"Patented rolling machine for chimney cake dough with NSF & UL certification for North America. High productivity for professional production.","breadcrumb":{"@id":"https:\/\/www.baumstriezel-koplar.de\/en\/products\/rolling-machine-for-chimney-cake-dough\/#breadcrumb"},"inLanguage":"en-US","potentialAction":[{"@type":"ReadAction","target":["https:\/\/www.baumstriezel-koplar.de\/en\/products\/rolling-machine-for-chimney-cake-dough\/"]}]},{"@type":"ImageObject","inLanguage":"en-US","@id":"https:\/\/www.baumstriezel-koplar.de\/en\/products\/rolling-machine-for-chimney-cake-dough\/#primaryimage","url":"https:\/\/www.baumstriezel-koplar.de\/wp-content\/uploads\/2017\/07\/DSC9226-2.jpg","contentUrl":"https:\/\/www.baumstriezel-koplar.de\/wp-content\/uploads\/2017\/07\/DSC9226-2.jpg","width":1000,"height":667},{"@type":"BreadcrumbList","@id":"https:\/\/www.baumstriezel-koplar.de\/en\/products\/rolling-machine-for-chimney-cake-dough\/#breadcrumb","itemListElement":[{"@type":"ListItem","position":1,"name":"Home","item":"https:\/\/www.baumstriezel-koplar.de\/en\/"},{"@type":"ListItem","position":2,"name":"Chimney cake equipment","item":"https:\/\/www.baumstriezel-koplar.de\/en\/chimney-cake-equipment\/"},{"@type":"ListItem","position":3,"name":"Rolling machine for chimney cake"}]},{"@type":"WebSite","@id":"https:\/\/www.baumstriezel-koplar.de\/en\/#website","url":"https:\/\/www.baumstriezel-koplar.de\/en\/","name":"Koplar Baumstriezel Backsysteme","description":"Baumstriezel \u00d6fen und Zubeh\u00f6r","potentialAction":[{"@type":"SearchAction","target":{"@type":"EntryPoint","urlTemplate":"https:\/\/www.baumstriezel-koplar.de\/en\/?s={search_term_string}"},"query-input":"required name=search_term_string"}],"inLanguage":"en-US"}]}},"_links":{"self":[{"href":"https:\/\/www.baumstriezel-koplar.de\/en\/wp-json\/wp\/v2\/product\/693"}],"collection":[{"href":"https:\/\/www.baumstriezel-koplar.de\/en\/wp-json\/wp\/v2\/product"}],"about":[{"href":"https:\/\/www.baumstriezel-koplar.de\/en\/wp-json\/wp\/v2\/types\/product"}],"replies":[{"embeddable":true,"href":"https:\/\/www.baumstriezel-koplar.de\/en\/wp-json\/wp\/v2\/comments?post=693"}],"wp:featuredmedia":[{"embeddable":true,"href":"https:\/\/www.baumstriezel-koplar.de\/en\/wp-json\/wp\/v2\/media\/8547"}],"wp:attachment":[{"href":"https:\/\/www.baumstriezel-koplar.de\/en\/wp-json\/wp\/v2\/media?parent=693"}],"wp:term":[{"taxonomy":"product_cat","embeddable":true,"href":"https:\/\/www.baumstriezel-koplar.de\/en\/wp-json\/wp\/v2\/product_cat?post=693"},{"taxonomy":"product_tag","embeddable":true,"href":"https:\/\/www.baumstriezel-koplar.de\/en\/wp-json\/wp\/v2\/product_tag?post=693"}],"curies":[{"name":"wp","href":"https:\/\/api.w.org\/{rel}","templated":true}]}}