{"id":570,"date":"2017-01-22T14:40:26","date_gmt":"2017-01-22T13:40:26","guid":{"rendered":"https:\/\/www.baumstriezel-koplar.de\/product\/conical-wooden-baking-roll\/"},"modified":"2022-09-26T12:11:08","modified_gmt":"2022-09-26T10:11:08","slug":"conical-chimney-cake-rolls","status":"publish","type":"product","link":"https:\/\/www.baumstriezel-koplar.de\/en\/products\/conical-chimney-cake-rolls\/","title":{"rendered":"Conical baking roll wooden"},"content":{"rendered":"<h4>Conical chimney cake rolls or Kurtoskalacs,Trdlnik rolls<\/h4>\n<p>Conical chimney cake rolls,With a stainless steel bar and beechwood for c<strong>one-shaped Ku\u0308rt\u0151skal\u00e1cs<\/strong>, Trdelnik, chimney cake.<\/p>\n<p>But you can also present the pastries decoratively on a plate or sell them as a cone, even offering them with a variety of fillings.<\/p>\n<p>To satisfy any sweet tooth, an ice cream, chocolate, cream or fruit filling is an ideal way to increase your profit. But for those who prefer savory treats, you sell the cones with cream cheese, salad,<br \/>\nsausage, cheese, ham etc. fillings. As you can see, K<strong>\u00fcrt\u0151skal\u00e1cs can certainly suit all tastes and drive sales<\/strong>!<\/p>\n<figure id=\"attachment_885\" aria-describedby=\"caption-attachment-885\" style=\"width: 209px\" class=\"wp-caption alignnone\"><img fetchpriority=\"high\" decoding=\"async\" class=\"wp-image-885\" src=\"https:\/\/www.baumstriezel-koplar.de\/wp-content\/uploads\/2017\/01\/Conical-Chimney-cake-e1604853224685.jpg\" alt=\"Conical chimney cake\" width=\"209\" height=\"252\" \/><figcaption id=\"caption-attachment-885\" class=\"wp-caption-text\">Conical chimney cake<\/figcaption><\/figure>\n<p>&nbsp;<\/p>\n","protected":false},"excerpt":{"rendered":"<p>Conical chimney cake rolls or Kurtoskalacs,Trdlnik rolls Conical chimney cake rolls,With a stainless steel bar and beechwood for cone-shaped Ku\u0308rt\u0151skal\u00e1cs, Trdelnik, chimney cake. But you can also present the pastries decoratively on a plate or sell them as a cone, even offering them with a variety of fillings. To satisfy any sweet tooth, an ice [&#8230;]<\/p>\n<p><a class=\"btn btn-primary denjo-read-more-link\" href=\"https:\/\/www.baumstriezel-koplar.de\/en\/products\/conical-chimney-cake-rolls\/\">Read More&#8230;<\/a><\/p>\n","protected":false},"featured_media":8764,"comment_status":"closed","ping_status":"closed","template":"","meta":{"_exactmetrics_skip_tracking":false,"_exactmetrics_sitenote_active":false,"_exactmetrics_sitenote_note":"","_exactmetrics_sitenote_category":0},"product_cat":[53,55],"product_tag":[],"yoast_head":"<!-- This site is optimized with the Yoast SEO plugin v22.6 - https:\/\/yoast.com\/wordpress\/plugins\/seo\/ -->\n<title>High quality conical baking roll for chimney cake cones<\/title>\n<meta name=\"description\" content=\"Koplar&#039;s cone-shaped baking rolls are used by professionnals in ressortants, hotels and pastry to make ku\u0308rt\u0151skal\u00e1cs, trdelnik, chimney cakes and pastries decoratively on plates. Best quality guaranteed.\" \/>\n<meta name=\"robots\" content=\"index, follow, max-snippet:-1, max-image-preview:large, max-video-preview:-1\" \/>\n<link rel=\"canonical\" href=\"https:\/\/www.baumstriezel-koplar.de\/en\/products\/conical-chimney-cake-rolls\/\" \/>\n<meta property=\"og:locale\" content=\"en_US\" \/>\n<meta property=\"og:type\" content=\"article\" \/>\n<meta property=\"og:title\" content=\"High quality conical baking roll for chimney cake cones\" \/>\n<meta property=\"og:description\" content=\"Koplar&#039;s cone-shaped baking rolls are used by professionnals in ressortants, hotels and pastry to make ku\u0308rt\u0151skal\u00e1cs, trdelnik, chimney cakes and pastries decoratively on plates. Best quality guaranteed.\" \/>\n<meta property=\"og:url\" content=\"https:\/\/www.baumstriezel-koplar.de\/en\/products\/conical-chimney-cake-rolls\/\" \/>\n<meta property=\"og:site_name\" content=\"Koplar Baumstriezel Backsysteme\" \/>\n<meta property=\"article:publisher\" content=\"https:\/\/www.facebook.com\/koplarbaumstriezel\" \/>\n<meta property=\"article:modified_time\" content=\"2022-09-26T10:11:08+00:00\" \/>\n<meta property=\"og:image\" content=\"https:\/\/www.baumstriezel-koplar.de\/wp-content\/uploads\/2017\/01\/wooden-conical-chimney-cake-baking-roll-1-.png\" \/>\n\t<meta property=\"og:image:width\" content=\"500\" \/>\n\t<meta property=\"og:image:height\" content=\"500\" \/>\n\t<meta property=\"og:image:type\" content=\"image\/png\" \/>\n<meta name=\"twitter:card\" content=\"summary_large_image\" \/>\n<meta name=\"twitter:label1\" content=\"Est. reading time\" \/>\n\t<meta name=\"twitter:data1\" content=\"1 minute\" \/>\n<script type=\"application\/ld+json\" class=\"yoast-schema-graph\">{\"@context\":\"https:\/\/schema.org\",\"@graph\":[{\"@type\":\"WebPage\",\"@id\":\"https:\/\/www.baumstriezel-koplar.de\/en\/products\/conical-chimney-cake-rolls\/\",\"url\":\"https:\/\/www.baumstriezel-koplar.de\/en\/products\/conical-chimney-cake-rolls\/\",\"name\":\"High quality conical baking roll for chimney cake cones\",\"isPartOf\":{\"@id\":\"https:\/\/www.baumstriezel-koplar.de\/en\/#website\"},\"primaryImageOfPage\":{\"@id\":\"https:\/\/www.baumstriezel-koplar.de\/en\/products\/conical-chimney-cake-rolls\/#primaryimage\"},\"image\":{\"@id\":\"https:\/\/www.baumstriezel-koplar.de\/en\/products\/conical-chimney-cake-rolls\/#primaryimage\"},\"thumbnailUrl\":\"https:\/\/www.baumstriezel-koplar.de\/wp-content\/uploads\/2017\/01\/wooden-conical-chimney-cake-baking-roll-1-.png\",\"datePublished\":\"2017-01-22T13:40:26+00:00\",\"dateModified\":\"2022-09-26T10:11:08+00:00\",\"description\":\"Koplar's cone-shaped baking rolls are used by professionnals in ressortants, hotels and pastry to make ku\u0308rt\u0151skal\u00e1cs, trdelnik, chimney cakes and pastries decoratively on plates. Best quality guaranteed.\",\"breadcrumb\":{\"@id\":\"https:\/\/www.baumstriezel-koplar.de\/en\/products\/conical-chimney-cake-rolls\/#breadcrumb\"},\"inLanguage\":\"en-US\",\"potentialAction\":[{\"@type\":\"ReadAction\",\"target\":[\"https:\/\/www.baumstriezel-koplar.de\/en\/products\/conical-chimney-cake-rolls\/\"]}]},{\"@type\":\"ImageObject\",\"inLanguage\":\"en-US\",\"@id\":\"https:\/\/www.baumstriezel-koplar.de\/en\/products\/conical-chimney-cake-rolls\/#primaryimage\",\"url\":\"https:\/\/www.baumstriezel-koplar.de\/wp-content\/uploads\/2017\/01\/wooden-conical-chimney-cake-baking-roll-1-.png\",\"contentUrl\":\"https:\/\/www.baumstriezel-koplar.de\/wp-content\/uploads\/2017\/01\/wooden-conical-chimney-cake-baking-roll-1-.png\",\"width\":500,\"height\":500,\"caption\":\"wooden conical chimney cake baking roll 1\"},{\"@type\":\"BreadcrumbList\",\"@id\":\"https:\/\/www.baumstriezel-koplar.de\/en\/products\/conical-chimney-cake-rolls\/#breadcrumb\",\"itemListElement\":[{\"@type\":\"ListItem\",\"position\":1,\"name\":\"Home\",\"item\":\"https:\/\/www.baumstriezel-koplar.de\/en\/\"},{\"@type\":\"ListItem\",\"position\":2,\"name\":\"Chimney cake equipment\",\"item\":\"https:\/\/www.baumstriezel-koplar.de\/en\/chimney-cake-equipment\/\"},{\"@type\":\"ListItem\",\"position\":3,\"name\":\"Conical baking roll wooden\"}]},{\"@type\":\"WebSite\",\"@id\":\"https:\/\/www.baumstriezel-koplar.de\/en\/#website\",\"url\":\"https:\/\/www.baumstriezel-koplar.de\/en\/\",\"name\":\"Koplar Baumstriezel Backsysteme\",\"description\":\"Baumstriezel \u00d6fen und Zubeh\u00f6r\",\"potentialAction\":[{\"@type\":\"SearchAction\",\"target\":{\"@type\":\"EntryPoint\",\"urlTemplate\":\"https:\/\/www.baumstriezel-koplar.de\/en\/?s={search_term_string}\"},\"query-input\":\"required name=search_term_string\"}],\"inLanguage\":\"en-US\"}]}<\/script>\n<!-- \/ Yoast SEO plugin. -->","yoast_head_json":{"title":"High quality conical baking roll for chimney cake cones","description":"Koplar's cone-shaped baking rolls are used by professionnals in ressortants, hotels and pastry to make ku\u0308rt\u0151skal\u00e1cs, trdelnik, chimney cakes and pastries decoratively on plates. Best quality guaranteed.","robots":{"index":"index","follow":"follow","max-snippet":"max-snippet:-1","max-image-preview":"max-image-preview:large","max-video-preview":"max-video-preview:-1"},"canonical":"https:\/\/www.baumstriezel-koplar.de\/en\/products\/conical-chimney-cake-rolls\/","og_locale":"en_US","og_type":"article","og_title":"High quality conical baking roll for chimney cake cones","og_description":"Koplar's cone-shaped baking rolls are used by professionnals in ressortants, hotels and pastry to make ku\u0308rt\u0151skal\u00e1cs, trdelnik, chimney cakes and pastries decoratively on plates. Best quality guaranteed.","og_url":"https:\/\/www.baumstriezel-koplar.de\/en\/products\/conical-chimney-cake-rolls\/","og_site_name":"Koplar Baumstriezel Backsysteme","article_publisher":"https:\/\/www.facebook.com\/koplarbaumstriezel","article_modified_time":"2022-09-26T10:11:08+00:00","og_image":[{"width":500,"height":500,"url":"https:\/\/www.baumstriezel-koplar.de\/wp-content\/uploads\/2017\/01\/wooden-conical-chimney-cake-baking-roll-1-.png","type":"image\/png"}],"twitter_card":"summary_large_image","twitter_misc":{"Est. reading time":"1 minute"},"schema":{"@context":"https:\/\/schema.org","@graph":[{"@type":"WebPage","@id":"https:\/\/www.baumstriezel-koplar.de\/en\/products\/conical-chimney-cake-rolls\/","url":"https:\/\/www.baumstriezel-koplar.de\/en\/products\/conical-chimney-cake-rolls\/","name":"High quality conical baking roll for chimney cake cones","isPartOf":{"@id":"https:\/\/www.baumstriezel-koplar.de\/en\/#website"},"primaryImageOfPage":{"@id":"https:\/\/www.baumstriezel-koplar.de\/en\/products\/conical-chimney-cake-rolls\/#primaryimage"},"image":{"@id":"https:\/\/www.baumstriezel-koplar.de\/en\/products\/conical-chimney-cake-rolls\/#primaryimage"},"thumbnailUrl":"https:\/\/www.baumstriezel-koplar.de\/wp-content\/uploads\/2017\/01\/wooden-conical-chimney-cake-baking-roll-1-.png","datePublished":"2017-01-22T13:40:26+00:00","dateModified":"2022-09-26T10:11:08+00:00","description":"Koplar's cone-shaped baking rolls are used by professionnals in ressortants, hotels and pastry to make ku\u0308rt\u0151skal\u00e1cs, trdelnik, chimney cakes and pastries decoratively on plates. Best quality guaranteed.","breadcrumb":{"@id":"https:\/\/www.baumstriezel-koplar.de\/en\/products\/conical-chimney-cake-rolls\/#breadcrumb"},"inLanguage":"en-US","potentialAction":[{"@type":"ReadAction","target":["https:\/\/www.baumstriezel-koplar.de\/en\/products\/conical-chimney-cake-rolls\/"]}]},{"@type":"ImageObject","inLanguage":"en-US","@id":"https:\/\/www.baumstriezel-koplar.de\/en\/products\/conical-chimney-cake-rolls\/#primaryimage","url":"https:\/\/www.baumstriezel-koplar.de\/wp-content\/uploads\/2017\/01\/wooden-conical-chimney-cake-baking-roll-1-.png","contentUrl":"https:\/\/www.baumstriezel-koplar.de\/wp-content\/uploads\/2017\/01\/wooden-conical-chimney-cake-baking-roll-1-.png","width":500,"height":500,"caption":"wooden conical chimney cake baking roll 1"},{"@type":"BreadcrumbList","@id":"https:\/\/www.baumstriezel-koplar.de\/en\/products\/conical-chimney-cake-rolls\/#breadcrumb","itemListElement":[{"@type":"ListItem","position":1,"name":"Home","item":"https:\/\/www.baumstriezel-koplar.de\/en\/"},{"@type":"ListItem","position":2,"name":"Chimney cake equipment","item":"https:\/\/www.baumstriezel-koplar.de\/en\/chimney-cake-equipment\/"},{"@type":"ListItem","position":3,"name":"Conical baking roll wooden"}]},{"@type":"WebSite","@id":"https:\/\/www.baumstriezel-koplar.de\/en\/#website","url":"https:\/\/www.baumstriezel-koplar.de\/en\/","name":"Koplar Baumstriezel Backsysteme","description":"Baumstriezel \u00d6fen und Zubeh\u00f6r","potentialAction":[{"@type":"SearchAction","target":{"@type":"EntryPoint","urlTemplate":"https:\/\/www.baumstriezel-koplar.de\/en\/?s={search_term_string}"},"query-input":"required name=search_term_string"}],"inLanguage":"en-US"}]}},"_links":{"self":[{"href":"https:\/\/www.baumstriezel-koplar.de\/en\/wp-json\/wp\/v2\/product\/570"}],"collection":[{"href":"https:\/\/www.baumstriezel-koplar.de\/en\/wp-json\/wp\/v2\/product"}],"about":[{"href":"https:\/\/www.baumstriezel-koplar.de\/en\/wp-json\/wp\/v2\/types\/product"}],"replies":[{"embeddable":true,"href":"https:\/\/www.baumstriezel-koplar.de\/en\/wp-json\/wp\/v2\/comments?post=570"}],"wp:featuredmedia":[{"embeddable":true,"href":"https:\/\/www.baumstriezel-koplar.de\/en\/wp-json\/wp\/v2\/media\/8764"}],"wp:attachment":[{"href":"https:\/\/www.baumstriezel-koplar.de\/en\/wp-json\/wp\/v2\/media?parent=570"}],"wp:term":[{"taxonomy":"product_cat","embeddable":true,"href":"https:\/\/www.baumstriezel-koplar.de\/en\/wp-json\/wp\/v2\/product_cat?post=570"},{"taxonomy":"product_tag","embeddable":true,"href":"https:\/\/www.baumstriezel-koplar.de\/en\/wp-json\/wp\/v2\/product_tag?post=570"}],"curies":[{"name":"wp","href":"https:\/\/api.w.org\/{rel}","templated":true}]}}