{"id":547,"date":"2017-03-05T21:38:50","date_gmt":"2017-03-05T20:38:50","guid":{"rendered":"https:\/\/www.baumstriezel-koplar.de\/product\/organic-ku%cc%88rtoskalacs-baking-mix-de-oeko-039\/"},"modified":"2021-12-07T19:44:42","modified_gmt":"2021-12-07T18:44:42","slug":"organic-kuertoskalacs-baking-mix","status":"publish","type":"product","link":"https:\/\/www.baumstriezel-koplar.de\/en\/products\/organic-kuertoskalacs-baking-mix\/","title":{"rendered":"Organic Kurtoskalacs baking mix"},"content":{"rendered":"<p class=\"p1\">Balanced taste for perfect k\u00fcrt\u0151skal\u00e1cs<\/p>\n<p><strong>Only available in 12,5 kg of packages!<\/strong><\/p>\n<hr \/>\n<p>Our kurtoskalacs baking mix is made from a recipe from Seklerland using only high quality raw materials. Since flour quality and baking results vary widely depending on season and provenance, we recommend using our Kurtoskalacs baking mixes. Thus consistent quality is assured and is always a special treat. The unique flour quality ensures a long-lasting flexibility and excellent consistency of the dough. Only oil, water and yeast are added. 12,5 Kg KOPLAR Kurtoskalacs baking mix enough for about 130 pieces ku\u0308rt\u0151skal\u00e1cs (depending on size) and about 260 pcs. conical ku\u0308rt\u0151skal\u00e1cs.<\/p>\n<ul>\n<li>Without needing to add egg, ensures hygiene<\/li>\n<li>Without fat powder<\/li>\n<li>Very good consistency<\/li>\n<li>Always consistent quality<\/li>\n<li>Long shelf life and easy to store<\/li>\n<\/ul>\n","protected":false},"excerpt":{"rendered":"<p>Balanced taste for perfect k\u00fcrt\u0151skal\u00e1cs Only available in 12,5 kg of packages! Our kurtoskalacs baking mix is made from a recipe from Seklerland using only high quality raw materials. Since flour quality and baking results vary widely depending on season and provenance, we recommend using our Kurtoskalacs baking mixes. Thus consistent quality is assured and [&#8230;]<\/p>\n<p><a class=\"btn btn-primary denjo-read-more-link\" href=\"https:\/\/www.baumstriezel-koplar.de\/en\/products\/organic-kuertoskalacs-baking-mix\/\">Read More&#8230;<\/a><\/p>\n","protected":false},"featured_media":8851,"comment_status":"closed","ping_status":"closed","template":"","meta":{"_exactmetrics_skip_tracking":false,"_exactmetrics_sitenote_active":false,"_exactmetrics_sitenote_note":"","_exactmetrics_sitenote_category":0},"product_cat":[49],"product_tag":[],"yoast_head":"<!-- This site is optimized with the Yoast SEO plugin v22.6 - https:\/\/yoast.com\/wordpress\/plugins\/seo\/ -->\n<title>Organic kurtoskalacs baking mixes for both tastes - sweet and savory<\/title>\n<meta name=\"description\" content=\"Organic kurtoskalacs baking mixes for both tastes - sweet and savory. Made from only organic ingredients and high quality raw materials.\" \/>\n<meta name=\"robots\" content=\"index, follow, max-snippet:-1, max-image-preview:large, max-video-preview:-1\" \/>\n<link rel=\"canonical\" href=\"https:\/\/www.baumstriezel-koplar.de\/en\/products\/organic-kuertoskalacs-baking-mix\/\" \/>\n<meta property=\"og:locale\" content=\"en_US\" \/>\n<meta property=\"og:type\" content=\"article\" \/>\n<meta property=\"og:title\" content=\"Organic kurtoskalacs baking mixes for both tastes - sweet and savory\" \/>\n<meta property=\"og:description\" content=\"Organic kurtoskalacs baking mixes for both tastes - sweet and savory. Made from only organic ingredients and high quality raw materials.\" \/>\n<meta property=\"og:url\" content=\"https:\/\/www.baumstriezel-koplar.de\/en\/products\/organic-kuertoskalacs-baking-mix\/\" \/>\n<meta property=\"og:site_name\" content=\"Koplar Baumstriezel Backsysteme\" \/>\n<meta property=\"article:publisher\" content=\"https:\/\/www.facebook.com\/koplarbaumstriezel\" \/>\n<meta property=\"article:modified_time\" content=\"2021-12-07T18:44:42+00:00\" \/>\n<meta property=\"og:image\" content=\"https:\/\/www.baumstriezel-koplar.de\/wp-content\/uploads\/2017\/03\/Koplar-Premium-Bio-vegan-Baumstriezel-Backmischung-.png\" \/>\n\t<meta property=\"og:image:width\" content=\"300\" \/>\n\t<meta property=\"og:image:height\" content=\"300\" \/>\n\t<meta property=\"og:image:type\" content=\"image\/png\" \/>\n<meta name=\"twitter:card\" content=\"summary_large_image\" \/>\n<meta name=\"twitter:label1\" content=\"Est. reading time\" \/>\n\t<meta name=\"twitter:data1\" content=\"1 minute\" \/>\n<script type=\"application\/ld+json\" class=\"yoast-schema-graph\">{\"@context\":\"https:\/\/schema.org\",\"@graph\":[{\"@type\":\"WebPage\",\"@id\":\"https:\/\/www.baumstriezel-koplar.de\/en\/products\/organic-kuertoskalacs-baking-mix\/\",\"url\":\"https:\/\/www.baumstriezel-koplar.de\/en\/products\/organic-kuertoskalacs-baking-mix\/\",\"name\":\"Organic kurtoskalacs baking mixes for both tastes - sweet and savory\",\"isPartOf\":{\"@id\":\"https:\/\/www.baumstriezel-koplar.de\/en\/#website\"},\"primaryImageOfPage\":{\"@id\":\"https:\/\/www.baumstriezel-koplar.de\/en\/products\/organic-kuertoskalacs-baking-mix\/#primaryimage\"},\"image\":{\"@id\":\"https:\/\/www.baumstriezel-koplar.de\/en\/products\/organic-kuertoskalacs-baking-mix\/#primaryimage\"},\"thumbnailUrl\":\"https:\/\/www.baumstriezel-koplar.de\/wp-content\/uploads\/2017\/03\/Koplar-Premium-Bio-vegan-Baumstriezel-Backmischung-.png\",\"datePublished\":\"2017-03-05T20:38:50+00:00\",\"dateModified\":\"2021-12-07T18:44:42+00:00\",\"description\":\"Organic kurtoskalacs baking mixes for both tastes - sweet and savory. Made from only organic ingredients and high quality raw materials.\",\"breadcrumb\":{\"@id\":\"https:\/\/www.baumstriezel-koplar.de\/en\/products\/organic-kuertoskalacs-baking-mix\/#breadcrumb\"},\"inLanguage\":\"en-US\",\"potentialAction\":[{\"@type\":\"ReadAction\",\"target\":[\"https:\/\/www.baumstriezel-koplar.de\/en\/products\/organic-kuertoskalacs-baking-mix\/\"]}]},{\"@type\":\"ImageObject\",\"inLanguage\":\"en-US\",\"@id\":\"https:\/\/www.baumstriezel-koplar.de\/en\/products\/organic-kuertoskalacs-baking-mix\/#primaryimage\",\"url\":\"https:\/\/www.baumstriezel-koplar.de\/wp-content\/uploads\/2017\/03\/Koplar-Premium-Bio-vegan-Baumstriezel-Backmischung-.png\",\"contentUrl\":\"https:\/\/www.baumstriezel-koplar.de\/wp-content\/uploads\/2017\/03\/Koplar-Premium-Bio-vegan-Baumstriezel-Backmischung-.png\",\"width\":300,\"height\":300,\"caption\":\"Koplar\u00ae Premium Bio-vegan Baumstriezel- Backmischung\"},{\"@type\":\"BreadcrumbList\",\"@id\":\"https:\/\/www.baumstriezel-koplar.de\/en\/products\/organic-kuertoskalacs-baking-mix\/#breadcrumb\",\"itemListElement\":[{\"@type\":\"ListItem\",\"position\":1,\"name\":\"Home\",\"item\":\"https:\/\/www.baumstriezel-koplar.de\/en\/\"},{\"@type\":\"ListItem\",\"position\":2,\"name\":\"Chimney cake equipment\",\"item\":\"https:\/\/www.baumstriezel-koplar.de\/en\/chimney-cake-equipment\/\"},{\"@type\":\"ListItem\",\"position\":3,\"name\":\"Organic Kurtoskalacs baking mix\"}]},{\"@type\":\"WebSite\",\"@id\":\"https:\/\/www.baumstriezel-koplar.de\/en\/#website\",\"url\":\"https:\/\/www.baumstriezel-koplar.de\/en\/\",\"name\":\"Koplar Baumstriezel Backsysteme\",\"description\":\"Baumstriezel \u00d6fen und Zubeh\u00f6r\",\"potentialAction\":[{\"@type\":\"SearchAction\",\"target\":{\"@type\":\"EntryPoint\",\"urlTemplate\":\"https:\/\/www.baumstriezel-koplar.de\/en\/?s={search_term_string}\"},\"query-input\":\"required name=search_term_string\"}],\"inLanguage\":\"en-US\"}]}<\/script>\n<!-- \/ Yoast SEO plugin. -->","yoast_head_json":{"title":"Organic kurtoskalacs baking mixes for both tastes - sweet and savory","description":"Organic kurtoskalacs baking mixes for both tastes - sweet and savory. Made from only organic ingredients and high quality raw materials.","robots":{"index":"index","follow":"follow","max-snippet":"max-snippet:-1","max-image-preview":"max-image-preview:large","max-video-preview":"max-video-preview:-1"},"canonical":"https:\/\/www.baumstriezel-koplar.de\/en\/products\/organic-kuertoskalacs-baking-mix\/","og_locale":"en_US","og_type":"article","og_title":"Organic kurtoskalacs baking mixes for both tastes - sweet and savory","og_description":"Organic kurtoskalacs baking mixes for both tastes - sweet and savory. Made from only organic ingredients and high quality raw materials.","og_url":"https:\/\/www.baumstriezel-koplar.de\/en\/products\/organic-kuertoskalacs-baking-mix\/","og_site_name":"Koplar Baumstriezel Backsysteme","article_publisher":"https:\/\/www.facebook.com\/koplarbaumstriezel","article_modified_time":"2021-12-07T18:44:42+00:00","og_image":[{"width":300,"height":300,"url":"https:\/\/www.baumstriezel-koplar.de\/wp-content\/uploads\/2017\/03\/Koplar-Premium-Bio-vegan-Baumstriezel-Backmischung-.png","type":"image\/png"}],"twitter_card":"summary_large_image","twitter_misc":{"Est. reading time":"1 minute"},"schema":{"@context":"https:\/\/schema.org","@graph":[{"@type":"WebPage","@id":"https:\/\/www.baumstriezel-koplar.de\/en\/products\/organic-kuertoskalacs-baking-mix\/","url":"https:\/\/www.baumstriezel-koplar.de\/en\/products\/organic-kuertoskalacs-baking-mix\/","name":"Organic kurtoskalacs baking mixes for both tastes - sweet and savory","isPartOf":{"@id":"https:\/\/www.baumstriezel-koplar.de\/en\/#website"},"primaryImageOfPage":{"@id":"https:\/\/www.baumstriezel-koplar.de\/en\/products\/organic-kuertoskalacs-baking-mix\/#primaryimage"},"image":{"@id":"https:\/\/www.baumstriezel-koplar.de\/en\/products\/organic-kuertoskalacs-baking-mix\/#primaryimage"},"thumbnailUrl":"https:\/\/www.baumstriezel-koplar.de\/wp-content\/uploads\/2017\/03\/Koplar-Premium-Bio-vegan-Baumstriezel-Backmischung-.png","datePublished":"2017-03-05T20:38:50+00:00","dateModified":"2021-12-07T18:44:42+00:00","description":"Organic kurtoskalacs baking mixes for both tastes - sweet and savory. Made from only organic ingredients and high quality raw materials.","breadcrumb":{"@id":"https:\/\/www.baumstriezel-koplar.de\/en\/products\/organic-kuertoskalacs-baking-mix\/#breadcrumb"},"inLanguage":"en-US","potentialAction":[{"@type":"ReadAction","target":["https:\/\/www.baumstriezel-koplar.de\/en\/products\/organic-kuertoskalacs-baking-mix\/"]}]},{"@type":"ImageObject","inLanguage":"en-US","@id":"https:\/\/www.baumstriezel-koplar.de\/en\/products\/organic-kuertoskalacs-baking-mix\/#primaryimage","url":"https:\/\/www.baumstriezel-koplar.de\/wp-content\/uploads\/2017\/03\/Koplar-Premium-Bio-vegan-Baumstriezel-Backmischung-.png","contentUrl":"https:\/\/www.baumstriezel-koplar.de\/wp-content\/uploads\/2017\/03\/Koplar-Premium-Bio-vegan-Baumstriezel-Backmischung-.png","width":300,"height":300,"caption":"Koplar\u00ae Premium Bio-vegan Baumstriezel- Backmischung"},{"@type":"BreadcrumbList","@id":"https:\/\/www.baumstriezel-koplar.de\/en\/products\/organic-kuertoskalacs-baking-mix\/#breadcrumb","itemListElement":[{"@type":"ListItem","position":1,"name":"Home","item":"https:\/\/www.baumstriezel-koplar.de\/en\/"},{"@type":"ListItem","position":2,"name":"Chimney cake equipment","item":"https:\/\/www.baumstriezel-koplar.de\/en\/chimney-cake-equipment\/"},{"@type":"ListItem","position":3,"name":"Organic Kurtoskalacs baking mix"}]},{"@type":"WebSite","@id":"https:\/\/www.baumstriezel-koplar.de\/en\/#website","url":"https:\/\/www.baumstriezel-koplar.de\/en\/","name":"Koplar Baumstriezel Backsysteme","description":"Baumstriezel \u00d6fen und Zubeh\u00f6r","potentialAction":[{"@type":"SearchAction","target":{"@type":"EntryPoint","urlTemplate":"https:\/\/www.baumstriezel-koplar.de\/en\/?s={search_term_string}"},"query-input":"required name=search_term_string"}],"inLanguage":"en-US"}]}},"_links":{"self":[{"href":"https:\/\/www.baumstriezel-koplar.de\/en\/wp-json\/wp\/v2\/product\/547"}],"collection":[{"href":"https:\/\/www.baumstriezel-koplar.de\/en\/wp-json\/wp\/v2\/product"}],"about":[{"href":"https:\/\/www.baumstriezel-koplar.de\/en\/wp-json\/wp\/v2\/types\/product"}],"replies":[{"embeddable":true,"href":"https:\/\/www.baumstriezel-koplar.de\/en\/wp-json\/wp\/v2\/comments?post=547"}],"wp:featuredmedia":[{"embeddable":true,"href":"https:\/\/www.baumstriezel-koplar.de\/en\/wp-json\/wp\/v2\/media\/8851"}],"wp:attachment":[{"href":"https:\/\/www.baumstriezel-koplar.de\/en\/wp-json\/wp\/v2\/media?parent=547"}],"wp:term":[{"taxonomy":"product_cat","embeddable":true,"href":"https:\/\/www.baumstriezel-koplar.de\/en\/wp-json\/wp\/v2\/product_cat?post=547"},{"taxonomy":"product_tag","embeddable":true,"href":"https:\/\/www.baumstriezel-koplar.de\/en\/wp-json\/wp\/v2\/product_tag?post=547"}],"curies":[{"name":"wp","href":"https:\/\/api.w.org\/{rel}","templated":true}]}}