{"id":544,"date":"2017-03-05T21:37:15","date_gmt":"2017-03-05T20:37:15","guid":{"rendered":"https:\/\/www.baumstriezel-koplar.de\/product\/kurtoskalacs-baking-mixes\/"},"modified":"2023-04-29T13:00:24","modified_gmt":"2023-04-29T11:00:24","slug":"kurtoskalacs-baking-mix","status":"publish","type":"product","link":"https:\/\/www.baumstriezel-koplar.de\/en\/products\/kurtoskalacs-baking-mix\/","title":{"rendered":"K\u00fcrt\u00f6skal\u00e1cs baking mix"},"content":{"rendered":"<p>Koplar\u00b4s k\u00fcrt\u00f6skal\u00e1cs baking mix<\/p>\n<p class=\"p1\">Balanced taste for\u00a0 ku\u0308rt\u00f6skal\u00e1cs.<\/p>\n<p>Our ovens don\u2019t come alone: check out our special baking mixes.<br \/>\nTo work well together as a perfectly coordinated team, you need the right ingredients. Then you can be sure to produce a lot of high<br \/>\nquality goods in a short period. Because we understand that for you to recover your costs for the stand, rent, staff etc., high productivity is absolutely necessary.<\/p>\n<p><strong>Available in 12,5 kg of packages!<\/strong><\/p>\n<p>Our ku\u0308rt\u0151skal\u00e1cs baking mix \u00a0is made from a recipe from Seklerland using\u00a0 high quality raw materials.\u00a0 Since flour quality and baking results vary widely depending on season and provenance, we recommend using our Ku\u0308rt\u0151skal\u00e1cs baking mixes.\u00a0 Thus consistent quality is assured and is always a special treat. The unique flour quality ensures a long-lasting flexibility and excellent consistency of the dough. Only oil, water and yeast are added. 12,5 Kg KOPLAR Ku\u0308rt\u0151skal\u00e1cs baking mix enough for about 130 pieces ku\u0308rt\u0151skal\u00e1cs (depending on size) and about 260 pcs. conical ku\u0308rt\u0151skal\u00e1cs .<\/p>\n<p><img decoding=\"async\" class=\"size-medium wp-image-8474 alignleft\" src=\"https:\/\/www.baumstriezel-koplar.de\/wp-content\/uploads\/2017\/03\/10-300x156.jpg\" alt=\"\" width=\"300\" height=\"156\" srcset=\"https:\/\/www.baumstriezel-koplar.de\/wp-content\/uploads\/2017\/03\/10-300x156.jpg 300w, https:\/\/www.baumstriezel-koplar.de\/wp-content\/uploads\/2017\/03\/10-600x313.jpg 600w, https:\/\/www.baumstriezel-koplar.de\/wp-content\/uploads\/2017\/03\/10.jpg 739w\" sizes=\"(max-width: 300px) 100vw, 300px\" \/><\/p>\n<p>&nbsp;<\/p>\n<p>&nbsp;<\/p>\n<p>&nbsp;<\/p>\n<p>&nbsp;<\/p>\n<p>&nbsp;<\/p>\n<ul>\n<li><strong>Without needing to add egg,<\/strong> ensures hygiene<\/li>\n<li>Without fat powder<\/li>\n<li>Very good consistency<\/li>\n<li>Always consistent quality<\/li>\n<li>Long shelf life and easy to store<\/li>\n<\/ul>\n","protected":false},"excerpt":{"rendered":"<p>Koplar\u00b4s k\u00fcrt\u00f6skal\u00e1cs baking mix Balanced taste for\u00a0 ku\u0308rt\u00f6skal\u00e1cs. Our ovens don\u2019t come alone: check out our special baking mixes. To work well together as a perfectly coordinated team, you need the right ingredients. Then you can be sure to produce a lot of high quality goods in a short period. Because we understand that for [&#8230;]<\/p>\n<p><a class=\"btn btn-primary denjo-read-more-link\" href=\"https:\/\/www.baumstriezel-koplar.de\/en\/products\/kurtoskalacs-baking-mix\/\">Read More&#8230;<\/a><\/p>\n","protected":false},"featured_media":8841,"comment_status":"closed","ping_status":"closed","template":"","meta":{"_exactmetrics_skip_tracking":false,"_exactmetrics_sitenote_active":false,"_exactmetrics_sitenote_note":"","_exactmetrics_sitenote_category":0},"product_cat":[49],"product_tag":[133,132],"yoast_head":"<!-- This site is optimized with the Yoast SEO plugin v22.6 - https:\/\/yoast.com\/wordpress\/plugins\/seo\/ -->\n<title>Baking mixes for ku\u0308rt\u0151skal\u00e1cs, chimney cakes and other pastry<\/title>\n<meta name=\"description\" content=\"Our k\u00fcrt\u00f6skal\u00e1cs baking mix are made of organic ingredients and high quality raw materials. Only oil, water and yeast are added.\" \/>\n<meta name=\"robots\" content=\"index, follow, max-snippet:-1, max-image-preview:large, max-video-preview:-1\" \/>\n<link rel=\"canonical\" href=\"https:\/\/www.baumstriezel-koplar.de\/en\/products\/kurtoskalacs-baking-mix\/\" \/>\n<meta property=\"og:locale\" content=\"en_US\" \/>\n<meta property=\"og:type\" content=\"article\" \/>\n<meta property=\"og:title\" content=\"Baking mixes for ku\u0308rt\u0151skal\u00e1cs, chimney cakes and other pastry\" \/>\n<meta property=\"og:description\" content=\"Our k\u00fcrt\u00f6skal\u00e1cs baking mix are made of organic ingredients and high quality raw materials. Only oil, water and yeast are added.\" \/>\n<meta property=\"og:url\" content=\"https:\/\/www.baumstriezel-koplar.de\/en\/products\/kurtoskalacs-baking-mix\/\" \/>\n<meta property=\"og:site_name\" content=\"Koplar Baumstriezel Backsysteme\" \/>\n<meta property=\"article:publisher\" content=\"https:\/\/www.facebook.com\/koplarbaumstriezel\" \/>\n<meta property=\"article:modified_time\" content=\"2023-04-29T11:00:24+00:00\" \/>\n<meta property=\"og:image\" content=\"https:\/\/www.baumstriezel-koplar.de\/wp-content\/uploads\/2017\/03\/Koplar-Premium-Baumstriezel-Backmischung-.png\" \/>\n\t<meta property=\"og:image:width\" content=\"300\" \/>\n\t<meta property=\"og:image:height\" content=\"300\" \/>\n\t<meta property=\"og:image:type\" content=\"image\/png\" \/>\n<meta name=\"twitter:card\" content=\"summary_large_image\" \/>\n<meta name=\"twitter:label1\" content=\"Est. reading time\" \/>\n\t<meta name=\"twitter:data1\" content=\"2 minutes\" \/>\n<script type=\"application\/ld+json\" class=\"yoast-schema-graph\">{\"@context\":\"https:\/\/schema.org\",\"@graph\":[{\"@type\":\"WebPage\",\"@id\":\"https:\/\/www.baumstriezel-koplar.de\/en\/products\/kurtoskalacs-baking-mix\/\",\"url\":\"https:\/\/www.baumstriezel-koplar.de\/en\/products\/kurtoskalacs-baking-mix\/\",\"name\":\"Baking mixes for ku\u0308rt\u0151skal\u00e1cs, chimney cakes and other pastry\",\"isPartOf\":{\"@id\":\"https:\/\/www.baumstriezel-koplar.de\/en\/#website\"},\"primaryImageOfPage\":{\"@id\":\"https:\/\/www.baumstriezel-koplar.de\/en\/products\/kurtoskalacs-baking-mix\/#primaryimage\"},\"image\":{\"@id\":\"https:\/\/www.baumstriezel-koplar.de\/en\/products\/kurtoskalacs-baking-mix\/#primaryimage\"},\"thumbnailUrl\":\"https:\/\/www.baumstriezel-koplar.de\/wp-content\/uploads\/2017\/03\/Koplar-Premium-Baumstriezel-Backmischung-.png\",\"datePublished\":\"2017-03-05T20:37:15+00:00\",\"dateModified\":\"2023-04-29T11:00:24+00:00\",\"description\":\"Our k\u00fcrt\u00f6skal\u00e1cs baking mix are made of organic ingredients and high quality raw materials. Only oil, water and yeast are added.\",\"breadcrumb\":{\"@id\":\"https:\/\/www.baumstriezel-koplar.de\/en\/products\/kurtoskalacs-baking-mix\/#breadcrumb\"},\"inLanguage\":\"en-US\",\"potentialAction\":[{\"@type\":\"ReadAction\",\"target\":[\"https:\/\/www.baumstriezel-koplar.de\/en\/products\/kurtoskalacs-baking-mix\/\"]}]},{\"@type\":\"ImageObject\",\"inLanguage\":\"en-US\",\"@id\":\"https:\/\/www.baumstriezel-koplar.de\/en\/products\/kurtoskalacs-baking-mix\/#primaryimage\",\"url\":\"https:\/\/www.baumstriezel-koplar.de\/wp-content\/uploads\/2017\/03\/Koplar-Premium-Baumstriezel-Backmischung-.png\",\"contentUrl\":\"https:\/\/www.baumstriezel-koplar.de\/wp-content\/uploads\/2017\/03\/Koplar-Premium-Baumstriezel-Backmischung-.png\",\"width\":300,\"height\":300,\"caption\":\"Koplar\u00ae Premium Baumstriezel- Backmischung\"},{\"@type\":\"BreadcrumbList\",\"@id\":\"https:\/\/www.baumstriezel-koplar.de\/en\/products\/kurtoskalacs-baking-mix\/#breadcrumb\",\"itemListElement\":[{\"@type\":\"ListItem\",\"position\":1,\"name\":\"Home\",\"item\":\"https:\/\/www.baumstriezel-koplar.de\/en\/\"},{\"@type\":\"ListItem\",\"position\":2,\"name\":\"Chimney cake equipment\",\"item\":\"https:\/\/www.baumstriezel-koplar.de\/en\/chimney-cake-equipment\/\"},{\"@type\":\"ListItem\",\"position\":3,\"name\":\"K\u00fcrt\u00f6skal\u00e1cs baking mix\"}]},{\"@type\":\"WebSite\",\"@id\":\"https:\/\/www.baumstriezel-koplar.de\/en\/#website\",\"url\":\"https:\/\/www.baumstriezel-koplar.de\/en\/\",\"name\":\"Koplar Baumstriezel Backsysteme\",\"description\":\"Baumstriezel \u00d6fen und Zubeh\u00f6r\",\"potentialAction\":[{\"@type\":\"SearchAction\",\"target\":{\"@type\":\"EntryPoint\",\"urlTemplate\":\"https:\/\/www.baumstriezel-koplar.de\/en\/?s={search_term_string}\"},\"query-input\":\"required name=search_term_string\"}],\"inLanguage\":\"en-US\"}]}<\/script>\n<!-- \/ Yoast SEO plugin. -->","yoast_head_json":{"title":"Baking mixes for ku\u0308rt\u0151skal\u00e1cs, chimney cakes and other pastry","description":"Our k\u00fcrt\u00f6skal\u00e1cs baking mix are made of organic ingredients and high quality raw materials. Only oil, water and yeast are added.","robots":{"index":"index","follow":"follow","max-snippet":"max-snippet:-1","max-image-preview":"max-image-preview:large","max-video-preview":"max-video-preview:-1"},"canonical":"https:\/\/www.baumstriezel-koplar.de\/en\/products\/kurtoskalacs-baking-mix\/","og_locale":"en_US","og_type":"article","og_title":"Baking mixes for ku\u0308rt\u0151skal\u00e1cs, chimney cakes and other pastry","og_description":"Our k\u00fcrt\u00f6skal\u00e1cs baking mix are made of organic ingredients and high quality raw materials. Only oil, water and yeast are added.","og_url":"https:\/\/www.baumstriezel-koplar.de\/en\/products\/kurtoskalacs-baking-mix\/","og_site_name":"Koplar Baumstriezel Backsysteme","article_publisher":"https:\/\/www.facebook.com\/koplarbaumstriezel","article_modified_time":"2023-04-29T11:00:24+00:00","og_image":[{"width":300,"height":300,"url":"https:\/\/www.baumstriezel-koplar.de\/wp-content\/uploads\/2017\/03\/Koplar-Premium-Baumstriezel-Backmischung-.png","type":"image\/png"}],"twitter_card":"summary_large_image","twitter_misc":{"Est. reading time":"2 minutes"},"schema":{"@context":"https:\/\/schema.org","@graph":[{"@type":"WebPage","@id":"https:\/\/www.baumstriezel-koplar.de\/en\/products\/kurtoskalacs-baking-mix\/","url":"https:\/\/www.baumstriezel-koplar.de\/en\/products\/kurtoskalacs-baking-mix\/","name":"Baking mixes for ku\u0308rt\u0151skal\u00e1cs, chimney cakes and other pastry","isPartOf":{"@id":"https:\/\/www.baumstriezel-koplar.de\/en\/#website"},"primaryImageOfPage":{"@id":"https:\/\/www.baumstriezel-koplar.de\/en\/products\/kurtoskalacs-baking-mix\/#primaryimage"},"image":{"@id":"https:\/\/www.baumstriezel-koplar.de\/en\/products\/kurtoskalacs-baking-mix\/#primaryimage"},"thumbnailUrl":"https:\/\/www.baumstriezel-koplar.de\/wp-content\/uploads\/2017\/03\/Koplar-Premium-Baumstriezel-Backmischung-.png","datePublished":"2017-03-05T20:37:15+00:00","dateModified":"2023-04-29T11:00:24+00:00","description":"Our k\u00fcrt\u00f6skal\u00e1cs baking mix are made of organic ingredients and high quality raw materials. Only oil, water and yeast are added.","breadcrumb":{"@id":"https:\/\/www.baumstriezel-koplar.de\/en\/products\/kurtoskalacs-baking-mix\/#breadcrumb"},"inLanguage":"en-US","potentialAction":[{"@type":"ReadAction","target":["https:\/\/www.baumstriezel-koplar.de\/en\/products\/kurtoskalacs-baking-mix\/"]}]},{"@type":"ImageObject","inLanguage":"en-US","@id":"https:\/\/www.baumstriezel-koplar.de\/en\/products\/kurtoskalacs-baking-mix\/#primaryimage","url":"https:\/\/www.baumstriezel-koplar.de\/wp-content\/uploads\/2017\/03\/Koplar-Premium-Baumstriezel-Backmischung-.png","contentUrl":"https:\/\/www.baumstriezel-koplar.de\/wp-content\/uploads\/2017\/03\/Koplar-Premium-Baumstriezel-Backmischung-.png","width":300,"height":300,"caption":"Koplar\u00ae Premium Baumstriezel- Backmischung"},{"@type":"BreadcrumbList","@id":"https:\/\/www.baumstriezel-koplar.de\/en\/products\/kurtoskalacs-baking-mix\/#breadcrumb","itemListElement":[{"@type":"ListItem","position":1,"name":"Home","item":"https:\/\/www.baumstriezel-koplar.de\/en\/"},{"@type":"ListItem","position":2,"name":"Chimney cake equipment","item":"https:\/\/www.baumstriezel-koplar.de\/en\/chimney-cake-equipment\/"},{"@type":"ListItem","position":3,"name":"K\u00fcrt\u00f6skal\u00e1cs baking mix"}]},{"@type":"WebSite","@id":"https:\/\/www.baumstriezel-koplar.de\/en\/#website","url":"https:\/\/www.baumstriezel-koplar.de\/en\/","name":"Koplar Baumstriezel Backsysteme","description":"Baumstriezel \u00d6fen und Zubeh\u00f6r","potentialAction":[{"@type":"SearchAction","target":{"@type":"EntryPoint","urlTemplate":"https:\/\/www.baumstriezel-koplar.de\/en\/?s={search_term_string}"},"query-input":"required name=search_term_string"}],"inLanguage":"en-US"}]}},"_links":{"self":[{"href":"https:\/\/www.baumstriezel-koplar.de\/en\/wp-json\/wp\/v2\/product\/544"}],"collection":[{"href":"https:\/\/www.baumstriezel-koplar.de\/en\/wp-json\/wp\/v2\/product"}],"about":[{"href":"https:\/\/www.baumstriezel-koplar.de\/en\/wp-json\/wp\/v2\/types\/product"}],"replies":[{"embeddable":true,"href":"https:\/\/www.baumstriezel-koplar.de\/en\/wp-json\/wp\/v2\/comments?post=544"}],"wp:featuredmedia":[{"embeddable":true,"href":"https:\/\/www.baumstriezel-koplar.de\/en\/wp-json\/wp\/v2\/media\/8841"}],"wp:attachment":[{"href":"https:\/\/www.baumstriezel-koplar.de\/en\/wp-json\/wp\/v2\/media?parent=544"}],"wp:term":[{"taxonomy":"product_cat","embeddable":true,"href":"https:\/\/www.baumstriezel-koplar.de\/en\/wp-json\/wp\/v2\/product_cat?post=544"},{"taxonomy":"product_tag","embeddable":true,"href":"https:\/\/www.baumstriezel-koplar.de\/en\/wp-json\/wp\/v2\/product_tag?post=544"}],"curies":[{"name":"wp","href":"https:\/\/api.w.org\/{rel}","templated":true}]}}