{"id":461,"date":"2016-12-05T16:59:08","date_gmt":"2016-12-05T15:59:08","guid":{"rendered":"https:\/\/www.baumstriezel-koplar.de\/herstellung\/"},"modified":"2026-01-06T16:31:25","modified_gmt":"2026-01-06T15:31:25","slug":"chimney-cake-production","status":"publish","type":"page","link":"https:\/\/www.baumstriezel-koplar.de\/en\/chimney-cake-production\/","title":{"rendered":"Chimney Cake Production \u2013 Traditional and Modern Methods"},"content":{"rendered":"<p>&nbsp;<\/p>\n<div class=\"contain-inline-size rounded-2xl corner-superellipse\/1.1 relative bg-token-sidebar-surface-primary\">\n<p>&nbsp;<\/p>\n<pre class=\"overflow-y-auto p-4\" dir=\"ltr\"><code class=\"whitespace-pre!\"><\/code><\/pre>\n<\/div>\n","protected":false},"excerpt":{"rendered":"<p>&nbsp; &nbsp; [&#8230;]<\/p>\n<p><a class=\"btn btn-primary denjo-read-more-link\" href=\"https:\/\/www.baumstriezel-koplar.de\/en\/chimney-cake-production\/\">Read More&#8230;<\/a><\/p>\n","protected":false},"author":5,"featured_media":8228,"parent":0,"menu_order":0,"comment_status":"closed","ping_status":"closed","template":"","meta":{"_exactmetrics_skip_tracking":false,"_exactmetrics_sitenote_active":false,"_exactmetrics_sitenote_note":"","_exactmetrics_sitenote_category":0,"footnotes":""},"yoast_head":"<!-- This site is optimized with the Yoast SEO plugin v22.6 - https:\/\/yoast.com\/wordpress\/plugins\/seo\/ -->\n<title>Chimney Cake Production Guide | Professional Methods<\/title>\n<meta name=\"description\" content=\"Learn how chimney cake (K\u00fcrt\u0151skal\u00e1cs, Trdln\u00edk, Baumstriezel) is produced, from simple methods to professional faster production with machines.\" \/>\n<meta name=\"robots\" content=\"index, follow, max-snippet:-1, max-image-preview:large, max-video-preview:-1\" \/>\n<link rel=\"canonical\" href=\"https:\/\/www.baumstriezel-koplar.de\/en\/chimney-cake-production\/\" \/>\n<meta property=\"og:locale\" content=\"en_US\" \/>\n<meta property=\"og:type\" content=\"article\" \/>\n<meta property=\"og:title\" content=\"Chimney Cake Production Guide | Professional Methods\" \/>\n<meta property=\"og:description\" content=\"Learn how chimney cake (K\u00fcrt\u0151skal\u00e1cs, Trdln\u00edk, Baumstriezel) is produced, from simple methods to professional faster production with machines.\" \/>\n<meta property=\"og:url\" content=\"https:\/\/www.baumstriezel-koplar.de\/en\/chimney-cake-production\/\" \/>\n<meta property=\"og:site_name\" content=\"Koplar Baumstriezel Backsysteme\" \/>\n<meta property=\"article:publisher\" content=\"https:\/\/www.facebook.com\/koplarbaumstriezel\" \/>\n<meta property=\"article:modified_time\" content=\"2026-01-06T15:31:25+00:00\" \/>\n<meta property=\"og:image\" content=\"https:\/\/www.baumstriezel-koplar.de\/wp-content\/uploads\/2020\/11\/koplars-chimney-cake-oven1.jpg\" \/>\n\t<meta property=\"og:image:width\" content=\"1280\" \/>\n\t<meta property=\"og:image:height\" content=\"900\" \/>\n\t<meta property=\"og:image:type\" content=\"image\/jpeg\" \/>\n<meta name=\"twitter:card\" content=\"summary_large_image\" \/>\n<meta name=\"twitter:label1\" content=\"Est. reading time\" \/>\n\t<meta name=\"twitter:data1\" content=\"1 minute\" \/>\n<script type=\"application\/ld+json\" class=\"yoast-schema-graph\">{\"@context\":\"https:\/\/schema.org\",\"@graph\":[{\"@type\":\"WebPage\",\"@id\":\"https:\/\/www.baumstriezel-koplar.de\/en\/chimney-cake-production\/\",\"url\":\"https:\/\/www.baumstriezel-koplar.de\/en\/chimney-cake-production\/\",\"name\":\"Chimney Cake Production Guide | Professional Methods\",\"isPartOf\":{\"@id\":\"https:\/\/www.baumstriezel-koplar.de\/en\/#website\"},\"primaryImageOfPage\":{\"@id\":\"https:\/\/www.baumstriezel-koplar.de\/en\/chimney-cake-production\/#primaryimage\"},\"image\":{\"@id\":\"https:\/\/www.baumstriezel-koplar.de\/en\/chimney-cake-production\/#primaryimage\"},\"thumbnailUrl\":\"https:\/\/www.baumstriezel-koplar.de\/wp-content\/uploads\/2020\/11\/koplars-chimney-cake-oven1.jpg\",\"datePublished\":\"2016-12-05T15:59:08+00:00\",\"dateModified\":\"2026-01-06T15:31:25+00:00\",\"description\":\"Learn how chimney cake (K\u00fcrt\u0151skal\u00e1cs, Trdln\u00edk, Baumstriezel) is produced, from simple methods to professional faster production with machines.\",\"breadcrumb\":{\"@id\":\"https:\/\/www.baumstriezel-koplar.de\/en\/chimney-cake-production\/#breadcrumb\"},\"inLanguage\":\"en-US\",\"potentialAction\":[{\"@type\":\"ReadAction\",\"target\":[\"https:\/\/www.baumstriezel-koplar.de\/en\/chimney-cake-production\/\"]}]},{\"@type\":\"ImageObject\",\"inLanguage\":\"en-US\",\"@id\":\"https:\/\/www.baumstriezel-koplar.de\/en\/chimney-cake-production\/#primaryimage\",\"url\":\"https:\/\/www.baumstriezel-koplar.de\/wp-content\/uploads\/2020\/11\/koplars-chimney-cake-oven1.jpg\",\"contentUrl\":\"https:\/\/www.baumstriezel-koplar.de\/wp-content\/uploads\/2020\/11\/koplars-chimney-cake-oven1.jpg\",\"width\":1280,\"height\":900},{\"@type\":\"BreadcrumbList\",\"@id\":\"https:\/\/www.baumstriezel-koplar.de\/en\/chimney-cake-production\/#breadcrumb\",\"itemListElement\":[{\"@type\":\"ListItem\",\"position\":1,\"name\":\"Home\",\"item\":\"https:\/\/www.baumstriezel-koplar.de\/en\/\"},{\"@type\":\"ListItem\",\"position\":2,\"name\":\"Chimney Cake Production \u2013 Traditional and Modern Methods\"}]},{\"@type\":\"WebSite\",\"@id\":\"https:\/\/www.baumstriezel-koplar.de\/en\/#website\",\"url\":\"https:\/\/www.baumstriezel-koplar.de\/en\/\",\"name\":\"Koplar Baumstriezel Backsysteme\",\"description\":\"Baumstriezel \u00d6fen und Zubeh\u00f6r\",\"potentialAction\":[{\"@type\":\"SearchAction\",\"target\":{\"@type\":\"EntryPoint\",\"urlTemplate\":\"https:\/\/www.baumstriezel-koplar.de\/en\/?s={search_term_string}\"},\"query-input\":\"required name=search_term_string\"}],\"inLanguage\":\"en-US\"}]}<\/script>\n<!-- \/ Yoast SEO plugin. -->","yoast_head_json":{"title":"Chimney Cake Production Guide | Professional Methods","description":"Learn how chimney cake (K\u00fcrt\u0151skal\u00e1cs, Trdln\u00edk, Baumstriezel) is produced, from simple methods to professional faster production with machines.","robots":{"index":"index","follow":"follow","max-snippet":"max-snippet:-1","max-image-preview":"max-image-preview:large","max-video-preview":"max-video-preview:-1"},"canonical":"https:\/\/www.baumstriezel-koplar.de\/en\/chimney-cake-production\/","og_locale":"en_US","og_type":"article","og_title":"Chimney Cake Production Guide | Professional Methods","og_description":"Learn how chimney cake (K\u00fcrt\u0151skal\u00e1cs, Trdln\u00edk, Baumstriezel) is produced, from simple methods to professional faster production with machines.","og_url":"https:\/\/www.baumstriezel-koplar.de\/en\/chimney-cake-production\/","og_site_name":"Koplar Baumstriezel Backsysteme","article_publisher":"https:\/\/www.facebook.com\/koplarbaumstriezel","article_modified_time":"2026-01-06T15:31:25+00:00","og_image":[{"width":1280,"height":900,"url":"https:\/\/www.baumstriezel-koplar.de\/wp-content\/uploads\/2020\/11\/koplars-chimney-cake-oven1.jpg","type":"image\/jpeg"}],"twitter_card":"summary_large_image","twitter_misc":{"Est. reading time":"1 minute"},"schema":{"@context":"https:\/\/schema.org","@graph":[{"@type":"WebPage","@id":"https:\/\/www.baumstriezel-koplar.de\/en\/chimney-cake-production\/","url":"https:\/\/www.baumstriezel-koplar.de\/en\/chimney-cake-production\/","name":"Chimney Cake Production Guide | Professional Methods","isPartOf":{"@id":"https:\/\/www.baumstriezel-koplar.de\/en\/#website"},"primaryImageOfPage":{"@id":"https:\/\/www.baumstriezel-koplar.de\/en\/chimney-cake-production\/#primaryimage"},"image":{"@id":"https:\/\/www.baumstriezel-koplar.de\/en\/chimney-cake-production\/#primaryimage"},"thumbnailUrl":"https:\/\/www.baumstriezel-koplar.de\/wp-content\/uploads\/2020\/11\/koplars-chimney-cake-oven1.jpg","datePublished":"2016-12-05T15:59:08+00:00","dateModified":"2026-01-06T15:31:25+00:00","description":"Learn how chimney cake (K\u00fcrt\u0151skal\u00e1cs, Trdln\u00edk, Baumstriezel) is produced, from simple methods to professional faster production with machines.","breadcrumb":{"@id":"https:\/\/www.baumstriezel-koplar.de\/en\/chimney-cake-production\/#breadcrumb"},"inLanguage":"en-US","potentialAction":[{"@type":"ReadAction","target":["https:\/\/www.baumstriezel-koplar.de\/en\/chimney-cake-production\/"]}]},{"@type":"ImageObject","inLanguage":"en-US","@id":"https:\/\/www.baumstriezel-koplar.de\/en\/chimney-cake-production\/#primaryimage","url":"https:\/\/www.baumstriezel-koplar.de\/wp-content\/uploads\/2020\/11\/koplars-chimney-cake-oven1.jpg","contentUrl":"https:\/\/www.baumstriezel-koplar.de\/wp-content\/uploads\/2020\/11\/koplars-chimney-cake-oven1.jpg","width":1280,"height":900},{"@type":"BreadcrumbList","@id":"https:\/\/www.baumstriezel-koplar.de\/en\/chimney-cake-production\/#breadcrumb","itemListElement":[{"@type":"ListItem","position":1,"name":"Home","item":"https:\/\/www.baumstriezel-koplar.de\/en\/"},{"@type":"ListItem","position":2,"name":"Chimney Cake Production \u2013 Traditional and Modern Methods"}]},{"@type":"WebSite","@id":"https:\/\/www.baumstriezel-koplar.de\/en\/#website","url":"https:\/\/www.baumstriezel-koplar.de\/en\/","name":"Koplar Baumstriezel Backsysteme","description":"Baumstriezel \u00d6fen und Zubeh\u00f6r","potentialAction":[{"@type":"SearchAction","target":{"@type":"EntryPoint","urlTemplate":"https:\/\/www.baumstriezel-koplar.de\/en\/?s={search_term_string}"},"query-input":"required name=search_term_string"}],"inLanguage":"en-US"}]}},"_links":{"self":[{"href":"https:\/\/www.baumstriezel-koplar.de\/en\/wp-json\/wp\/v2\/pages\/461"}],"collection":[{"href":"https:\/\/www.baumstriezel-koplar.de\/en\/wp-json\/wp\/v2\/pages"}],"about":[{"href":"https:\/\/www.baumstriezel-koplar.de\/en\/wp-json\/wp\/v2\/types\/page"}],"author":[{"embeddable":true,"href":"https:\/\/www.baumstriezel-koplar.de\/en\/wp-json\/wp\/v2\/users\/5"}],"replies":[{"embeddable":true,"href":"https:\/\/www.baumstriezel-koplar.de\/en\/wp-json\/wp\/v2\/comments?post=461"}],"version-history":[{"count":27,"href":"https:\/\/www.baumstriezel-koplar.de\/en\/wp-json\/wp\/v2\/pages\/461\/revisions"}],"predecessor-version":[{"id":9117,"href":"https:\/\/www.baumstriezel-koplar.de\/en\/wp-json\/wp\/v2\/pages\/461\/revisions\/9117"}],"wp:featuredmedia":[{"embeddable":true,"href":"https:\/\/www.baumstriezel-koplar.de\/en\/wp-json\/wp\/v2\/media\/8228"}],"wp:attachment":[{"href":"https:\/\/www.baumstriezel-koplar.de\/en\/wp-json\/wp\/v2\/media?parent=461"}],"curies":[{"name":"wp","href":"https:\/\/api.w.org\/{rel}","templated":true}]}}